{"id":5,"date":"2024-02-14T07:30:31","date_gmt":"2024-02-14T07:30:31","guid":{"rendered":"https:\/\/niznerepase.top\/?page_id=5"},"modified":"2024-02-15T08:03:04","modified_gmt":"2024-02-15T08:03:04","slug":"nizne-repase-nas-cely-svet","status":"publish","type":"page","link":"https:\/\/niznerepase.top\/?page_id=5","title":{"rendered":"Ni\u017en\u00e9 Repa\u0161e &#8211; n\u00e1\u0161 cel\u00fd svet!"},"content":{"rendered":"\n<p>Tu najde\u0161 v\u0161etko o n\u00e1s, o na\u0161om \u017eivote, kult\u00fare, viere ale hlavne o na\u0161ej zemi. Toto je n\u00e1\u0161 svet:<\/p>\n\n\n\n<p>Ni\u017en\u00e9 Repa\u0161e je na\u0161a obec.<\/p>\n\n\n\n<p> Ale nieje to len obec, kde \u017eijeme. Tu je na\u0161a zem.Tu s\u00fa na\u0161e domovy. Pr\u00e1ve na tomto mieste sa nach\u00e1dza cel\u00fd n\u00e1\u0161 svet. Na tejto zemi \u017eijeme u\u017e odmali\u010dka. To tu sme sa nau\u010dili rozpr\u00e1va\u0165, chodi\u0165, pracova\u0165 a myslie\u0165. <\/p>\n\n\n\n<p>Toto je to miesto, ktor\u00e9 s hrdos\u0165ou vol\u00e1me RAJ NA ZEMI. Tu je na\u0161e Nebo.<\/p>\n\n\n\n<figure class=\"wp-block-image size-large is-resized\"><img loading=\"lazy\" decoding=\"async\" width=\"1024\" height=\"768\" src=\"https:\/\/niznerepase.top\/wp-content\/uploads\/2024\/02\/CulHer14Slovakia92-1-1024x768.jpg\" alt=\"\" class=\"wp-image-57\" style=\"width:398px;height:auto\" srcset=\"https:\/\/niznerepase.top\/wp-content\/uploads\/2024\/02\/CulHer14Slovakia92-1-1024x768.jpg 1024w, https:\/\/niznerepase.top\/wp-content\/uploads\/2024\/02\/CulHer14Slovakia92-1-300x225.jpg 300w, https:\/\/niznerepase.top\/wp-content\/uploads\/2024\/02\/CulHer14Slovakia92-1-768x576.jpg 768w, https:\/\/niznerepase.top\/wp-content\/uploads\/2024\/02\/CulHer14Slovakia92-1.jpg 1280w\" sizes=\"(max-width: 1024px) 100vw, 1024px\" \/><figcaption class=\"wp-element-caption\">Kostol sv.Anny<\/figcaption><\/figure>\n\n\n\n<p>Na\u0161a zem sa nach\u00e1dza v nadmorskej v\u00fd\u0161ke 790 metrov nad morom.<\/p>\n\n\n\n<p><\/p>\n","protected":false},"excerpt":{"rendered":"<p>Tu najde\u0161 v\u0161etko o n\u00e1s, o na\u0161om \u017eivote, kult\u00fare, viere ale hlavne o na\u0161ej zemi. Toto je n\u00e1\u0161 svet: Ni\u017en\u00e9 [&hellip;]<\/p>\n","protected":false},"author":1,"featured_media":0,"parent":0,"menu_order":0,"comment_status":"closed","ping_status":"closed","template":"","meta":{"om_disable_all_campaigns":false,"_monsterinsights_skip_tracking":false,"_monsterinsights_sitenote_active":false,"_monsterinsights_sitenote_note":"","_monsterinsights_sitenote_category":0,"site-sidebar-layout":"default","site-content-layout":"","ast-site-content-layout":"","site-content-style":"default","site-sidebar-style":"default","ast-global-header-display":"","ast-banner-title-visibility":"","ast-main-header-display":"","ast-hfb-above-header-display":"","ast-hfb-below-header-display":"","ast-hfb-mobile-header-display":"","site-post-title":"","ast-breadcrumbs-content":"","ast-featured-img":"","footer-sml-layout":"","theme-transparent-header-meta":"","adv-header-id-meta":"","stick-header-meta":"","header-above-stick-meta":"","header-main-stick-meta":"","header-below-stick-meta":"","astra-migrate-meta-layouts":"default","ast-page-background-enabled":"default","ast-page-background-meta":{"desktop":{"background-color":"var(--ast-global-color-4)","background-image":"","background-repeat":"repeat","background-position":"center center","background-size":"auto","background-attachment":"scroll","background-type":"","background-media":"","overlay-type":"","overlay-color":"","overlay-gradient":""},"tablet":{"background-color":"","background-image":"","background-repeat":"repeat","background-position":"center center","background-size":"auto","background-attachment":"scroll","background-type":"","background-media":"","overlay-type":"","overlay-color":"","overlay-gradient":""},"mobile":{"background-color":"","background-image":"","background-repeat":"repeat","background-position":"center center","background-size":"auto","background-attachment":"scroll","background-type":"","background-media":"","overlay-type":"","overlay-color":"","overlay-gradient":""}},"ast-content-background-meta":{"desktop":{"background-color":"var(--ast-global-color-5)","background-image":"","background-repeat":"repeat","background-position":"center center","background-size":"auto","background-attachment":"scroll","background-type":"","background-media":"","overlay-type":"","overlay-color":"","overlay-gradient":""},"tablet":{"background-color":"var(--ast-global-color-5)","background-image":"","background-repeat":"repeat","background-position":"center center","background-size":"auto","background-attachment":"scroll","background-type":"","background-media":"","overlay-type":"","overlay-color":"","overlay-gradient":""},"mobile":{"background-color":"var(--ast-global-color-5)","background-image":"","background-repeat":"repeat","background-position":"center center","background-size":"auto","background-attachment":"scroll","background-type":"","background-media":"","overlay-type":"","overlay-color":"","overlay-gradient":""}},"_kadence_starter_templates_imported_post":false,"footnotes":""},"aioseo_notices":[],"_links":{"self":[{"href":"https:\/\/niznerepase.top\/index.php?rest_route=\/wp\/v2\/pages\/5"}],"collection":[{"href":"https:\/\/niznerepase.top\/index.php?rest_route=\/wp\/v2\/pages"}],"about":[{"href":"https:\/\/niznerepase.top\/index.php?rest_route=\/wp\/v2\/types\/page"}],"author":[{"embeddable":true,"href":"https:\/\/niznerepase.top\/index.php?rest_route=\/wp\/v2\/users\/1"}],"replies":[{"embeddable":true,"href":"https:\/\/niznerepase.top\/index.php?rest_route=%2Fwp%2Fv2%2Fcomments&post=5"}],"version-history":[{"count":3,"href":"https:\/\/niznerepase.top\/index.php?rest_route=\/wp\/v2\/pages\/5\/revisions"}],"predecessor-version":[{"id":59,"href":"https:\/\/niznerepase.top\/index.php?rest_route=\/wp\/v2\/pages\/5\/revisions\/59"}],"wp:attachment":[{"href":"https:\/\/niznerepase.top\/index.php?rest_route=%2Fwp%2Fv2%2Fmedia&parent=5"}],"curies":[{"name":"wp","href":"https:\/\/api.w.org\/{rel}","templated":true}]}}