{"id":64,"date":"2024-02-15T10:17:45","date_gmt":"2024-02-15T10:17:45","guid":{"rendered":"https:\/\/niznerepase.top\/?page_id=64"},"modified":"2024-02-16T07:50:00","modified_gmt":"2024-02-16T07:50:00","slug":"nasa-historia","status":"publish","type":"page","link":"https:\/\/niznerepase.top\/?page_id=64","title":{"rendered":"Na\u0161a hist\u00f3ria"},"content":{"rendered":"\n<p><\/p>\n\n\n\n<p>Prv\u00e1 p\u00edsomna zmienka o obci siah\u00e1 a\u017e do roku 1270. To ale neznamen\u00e1, \u017ee na\u0161i predkovia neob\u00fdvali t\u00fato zem u\u017e mnoh\u00e9 gener\u00e1cie pred t\u00fdmto spom\u00ednan\u00fdm rokom. Dokonca s\u00fa aj obecn\u00e9 povery, ktor\u00e9 siahaj\u00fa a\u017e na \u00fapadok doby \u013eadovej. V tej dobe, kedy e\u0161te po na\u0161ej zemi pobehovali pravek\u00e9 Mamuti. V dob\u00e1ch kedy sa lovila zver pre pre\u017eitie. &#8221; Asi tucet lovcov sa zbehlo po pomoc k miestn\u00fdm osadl\u00edkom. Za\u010dali ich presvie\u010da\u0165, nech s nimi id\u00fa na lov. A nech nezberaj\u00fa to obylie. No nepochodili. Osadl\u00edci ich vysmiali, \u017ee z mamuta nikdy pivo neuvar\u00ed\u0161!&#8221;<\/p>\n\n\n\n<p>Ale ako u\u017e bolo povedan\u00e9, je to len povera. No tak\u00fdch povier je tu ve\u013ea. M\u00e1me tu mnoho pr\u00edbehov. Mnoho rozpr\u00e1vok. No bohu\u017eia\u013e. Na\u0161a kult\u00fara umiera. A s \u0148ou umieraj\u00fa aj na\u0161e trad\u00edcie. Tie trad\u00edcie, ktor\u00e9 sme zdedili po na\u0161ich predkoch. Trad\u00edcie na\u0161\u00edch rodi\u010dov. A ich rodi\u010dov. A umieraj\u00fa aj na\u0161e zvyky, umiera na\u0161a s\u00fadr\u017enos\u0165. <\/p>\n\n\n\n<p>Zem, kde \u017eijeme je n\u00e1m darovan\u00e1 od na\u0161\u00edch rodi\u010dov. \u013dud\u00ed, ktor\u00ed n\u00e1m darovali ove\u013ea viac. Darovali n\u00e1m \u017eivot. To oni n\u00e1s stvorili. Oni n\u00e1s vychovali. V\u010faka n\u00edm sme teraz tu. <\/p>\n\n\n\n<p>A pr\u00e1ve v\u010fa\u010dnos\u0165 hraje v na\u0161ej kult\u00fare a hist\u00f3rii obrovsk\u00fa rolu. Na na\u0161ej zemi je \u017eivot \u0165a\u017ek\u00fd. S\u00fa tu drsn\u00e9 podmienky na pre\u017eitie. No aj napriek tomu je tu \u017eivot \u010darovn\u00fd. \u013dudia sa nau\u010dili dr\u017ea\u0165 pohromade. Neexistuje ni\u010d, \u010do by obecn\u00fd \u013eud nedok\u00e1zal spolo\u010dne zvl\u00e1dnu\u0165. <\/p>\n\n\n\n<p>Motiv\u00e1ciu h\u013ead\u00e1me aj v pover\u00e1ch z minulosti. Ve\u010f aj tak\u00e1 oby\u010dajn\u00e1 star\u00e1 povera dok\u00e1\u017ee pomoc\u0165 a taktie\u017e mnoho objasni\u0165. <\/p>\n","protected":false},"excerpt":{"rendered":"<p>Prv\u00e1 p\u00edsomna zmienka o obci siah\u00e1 a\u017e do roku 1270. To ale neznamen\u00e1, \u017ee na\u0161i predkovia neob\u00fdvali t\u00fato zem u\u017e [&hellip;]<\/p>\n","protected":false},"author":1,"featured_media":0,"parent":0,"menu_order":0,"comment_status":"closed","ping_status":"closed","template":"","meta":{"om_disable_all_campaigns":false,"_monsterinsights_skip_tracking":false,"_monsterinsights_sitenote_active":false,"_monsterinsights_sitenote_note":"","_monsterinsights_sitenote_category":0,"site-sidebar-layout":"default","site-content-layout":"","ast-site-content-layout":"","site-content-style":"default","site-sidebar-style":"default","ast-global-header-display":"","ast-banner-title-visibility":"","ast-main-header-display":"","ast-hfb-above-header-display":"","ast-hfb-below-header-display":"","ast-hfb-mobile-header-display":"","site-post-title":"","ast-breadcrumbs-content":"","ast-featured-img":"","footer-sml-layout":"","theme-transparent-header-meta":"","adv-header-id-meta":"","stick-header-meta":"","header-above-stick-meta":"","header-main-stick-meta":"","header-below-stick-meta":"","astra-migrate-meta-layouts":"default","ast-page-background-enabled":"default","ast-page-background-meta":{"desktop":{"background-color":"var(--ast-global-color-4)","background-image":"","background-repeat":"repeat","background-position":"center center","background-size":"auto","background-attachment":"scroll","background-type":"","background-media":"","overlay-type":"","overlay-color":"","overlay-gradient":""},"tablet":{"background-color":"","background-image":"","background-repeat":"repeat","background-position":"center center","background-size":"auto","background-attachment":"scroll","background-type":"","background-media":"","overlay-type":"","overlay-color":"","overlay-gradient":""},"mobile":{"background-color":"","background-image":"","background-repeat":"repeat","background-position":"center center","background-size":"auto","background-attachment":"scroll","background-type":"","background-media":"","overlay-type":"","overlay-color":"","overlay-gradient":""}},"ast-content-background-meta":{"desktop":{"background-color":"var(--ast-global-color-5)","background-image":"","background-repeat":"repeat","background-position":"center center","background-size":"auto","background-attachment":"scroll","background-type":"","background-media":"","overlay-type":"","overlay-color":"","overlay-gradient":""},"tablet":{"background-color":"var(--ast-global-color-5)","background-image":"","background-repeat":"repeat","background-position":"center center","background-size":"auto","background-attachment":"scroll","background-type":"","background-media":"","overlay-type":"","overlay-color":"","overlay-gradient":""},"mobile":{"background-color":"var(--ast-global-color-5)","background-image":"","background-repeat":"repeat","background-position":"center center","background-size":"auto","background-attachment":"scroll","background-type":"","background-media":"","overlay-type":"","overlay-color":"","overlay-gradient":""}},"_kadence_starter_templates_imported_post":false,"footnotes":""},"aioseo_notices":[],"_links":{"self":[{"href":"https:\/\/niznerepase.top\/index.php?rest_route=\/wp\/v2\/pages\/64"}],"collection":[{"href":"https:\/\/niznerepase.top\/index.php?rest_route=\/wp\/v2\/pages"}],"about":[{"href":"https:\/\/niznerepase.top\/index.php?rest_route=\/wp\/v2\/types\/page"}],"author":[{"embeddable":true,"href":"https:\/\/niznerepase.top\/index.php?rest_route=\/wp\/v2\/users\/1"}],"replies":[{"embeddable":true,"href":"https:\/\/niznerepase.top\/index.php?rest_route=%2Fwp%2Fv2%2Fcomments&post=64"}],"version-history":[{"count":2,"href":"https:\/\/niznerepase.top\/index.php?rest_route=\/wp\/v2\/pages\/64\/revisions"}],"predecessor-version":[{"id":67,"href":"https:\/\/niznerepase.top\/index.php?rest_route=\/wp\/v2\/pages\/64\/revisions\/67"}],"wp:attachment":[{"href":"https:\/\/niznerepase.top\/index.php?rest_route=%2Fwp%2Fv2%2Fmedia&parent=64"}],"curies":[{"name":"wp","href":"https:\/\/api.w.org\/{rel}","templated":true}]}}